{"id":77,"date":"2023-03-14T20:34:15","date_gmt":"2023-03-14T19:34:15","guid":{"rendered":"https:\/\/iicnewdelhi.esteri.it\/?page_id=77"},"modified":"2025-12-05T12:19:22","modified_gmt":"2025-12-05T06:49:22","slug":"contatti","status":"publish","type":"page","link":"https:\/\/iicnewdelhi.esteri.it\/it\/chi-siamo\/contatti\/","title":{"rendered":"Contatti"},"content":{"rendered":"<p><span style=\"text-decoration: underline;\">Istituto Italiano di Cultura di Nuova Delhi<\/span><br \/>\n50-E, Chandragupta Marg (entry from Nyaya Marg)<br \/>\nChanakyapuri, New Delhi-110021<\/p>\n<p>Telephone:\u00a0 91-11-26871901 &#8211; 91-11-26871902 &#8211; 91-11-26871903\u00a0 &#8211; 91-11-26871904<\/p>\n<p>E-mails:<\/p>\n<p>Per domande generali: \u00a0<a href=\"mailto:iicnewdelhi@esteri.it\">iicnewdelhi@esteri.it<\/a><\/p>\n<p>Per i corsi di lingua: <a href=\"mailto:langcor.iicnewdelhi@esteri.it\">langcor.iicnewdelhi@esteri.it<\/a><\/p>\n<p>Per biblioteca: <a class=\"\" href=\"mailto:library.iicnewdelhi@esteri.it\" data-focus-mouse=\"false\">library.iicnewdelhi@esteri.it<\/a><\/p>\n<p>&nbsp;<\/p>\n<p>Orario di apertura al pubblico:<\/p>\n<p>Segreteria:<\/p>\n<ul>\n<li>Dal luned\u00ec al gioved\u00ec dalle 9.30 alle 17.30<\/li>\n<li>Venerd\u00ec dalle 9.30 alle 13.30<\/li>\n<\/ul>\n<p>Biblioteca:<\/p>\n<ul>\n<li>Dal luned\u00ec al giovedi&#8217; dalle 10.00 alle 17.30<\/li>\n<li>Venerdi&#8217; dalle 10.00 alle 13.00<\/li>\n<\/ul>\n<p>&nbsp;<\/p>\n<p><strong>FESTIVIT\u00c0 2025<\/strong><\/p>\n<p>1 gennaio (Mercoledi) &#8211; Capodanno<\/p>\n<p>26 gennaio (Domenica) &#8211; Festa Repubblica Indiana<\/p>\n<p>14 marzo (Venerd\u00ec) &#8211; Holi<\/p>\n<p>18 aprile (Venerd\u00ec) &#8211; Venerd\u00ec Santo<\/p>\n<p>1 maggio (Gioved\u00ec) &#8211; Festa Del Lavoro<\/p>\n<p>2 giugno (Luned\u00ec) &#8211; Festa Nazionale Della Repubblica<\/p>\n<p>15 agosto (Venerd\u00ec) &#8211; Festa Indipendenza Indiana<\/p>\n<p>2 ottobre (Gioved\u00ec) &#8211; Genetliaco Gandhi<\/p>\n<p>20 ottobre (Luned\u00ec) &#8211; Diwali<\/p>\n<p>25 dicembre (Gioved\u00ec) &#8211; Natale<\/p>\n<p>26 dicembre (Venerd\u00ec) &#8211; Santo Stefano<\/p>\n<p>&nbsp;<\/p>\n<p><strong>FESTIVIT\u00c0 2026<\/strong><\/p>\n<p>1 gennaio (Gioved\u00ec) &#8211; Capodanno<\/p>\n<p>26 gennaio (Lunedi) &#8211; Festa Repubblica Indiana<\/p>\n<p>4 marzo (Mercoled\u00ec) &#8211; Holi<\/p>\n<p>3 aprile (Venerd\u00ec) &#8211; Venerd\u00ec Santo<\/p>\n<p>1 maggio (Venerd\u00ec) &#8211; Festa Del Lavoro<\/p>\n<p>2 giugno (Marted\u00ec) &#8211; Festa Nazionale Della Repubblica<\/p>\n<p>15 agosto (Sabato) &#8211; Festa Indipendenza Indiana<\/p>\n<p>2 ottobre (Venerd\u00ec) &#8211; Genetliaco Gandhi<\/p>\n<p>8 Novembre (Domenica) &#8211; Diwali<\/p>\n<p>25 dicembre (Venerd\u00ec) &#8211; Natale<\/p>\n<p>26 dicembre (Sabato) &#8211; Santo Stefano<\/p>\n","protected":false},"excerpt":{"rendered":"Istituto Italiano di Cultura di Nuova Delhi 50-E, Chandragupta Marg (entry from Nyaya Marg) Chanakyapuri, New Delhi-110021 Telephone:\u00a0 91-11-26871901 &#8211; 91-11-26871902 &#8211; 91-11-26871903\u00a0 &#8211; 91-11-26871904 E-mails: Per domande generali: \u00a0iicnewdelhi@esteri.it Per i corsi di lingua: langcor.iicnewdelhi@esteri.it Per biblioteca: library.iicnewdelhi@esteri.it &nbsp; Orario di apertura al pubblico: Segreteria: Dal luned\u00ec al gioved\u00ec dalle 9.30 alle 17.30 Venerd\u00ec [&hellip;]","protected":false},"author":3,"featured_media":0,"parent":8,"menu_order":6,"comment_status":"closed","ping_status":"closed","template":"","meta":{"footnotes":""},"class_list":["post-77","page","type-page","status-publish","hentry"],"_links":{"self":[{"href":"https:\/\/iicnewdelhi.esteri.it\/it\/wp-json\/wp\/v2\/pages\/77","targetHints":{"allow":["GET"]}}],"collection":[{"href":"https:\/\/iicnewdelhi.esteri.it\/it\/wp-json\/wp\/v2\/pages"}],"about":[{"href":"https:\/\/iicnewdelhi.esteri.it\/it\/wp-json\/wp\/v2\/types\/page"}],"author":[{"embeddable":true,"href":"https:\/\/iicnewdelhi.esteri.it\/it\/wp-json\/wp\/v2\/users\/3"}],"replies":[{"embeddable":true,"href":"https:\/\/iicnewdelhi.esteri.it\/it\/wp-json\/wp\/v2\/comments?post=77"}],"version-history":[{"count":6,"href":"https:\/\/iicnewdelhi.esteri.it\/it\/wp-json\/wp\/v2\/pages\/77\/revisions"}],"predecessor-version":[{"id":6378,"href":"https:\/\/iicnewdelhi.esteri.it\/it\/wp-json\/wp\/v2\/pages\/77\/revisions\/6378"}],"up":[{"embeddable":true,"href":"https:\/\/iicnewdelhi.esteri.it\/it\/wp-json\/wp\/v2\/pages\/8"}],"wp:attachment":[{"href":"https:\/\/iicnewdelhi.esteri.it\/it\/wp-json\/wp\/v2\/media?parent=77"}],"curies":[{"name":"wp","href":"https:\/\/api.w.org\/{rel}","templated":true}]}}